{"id":3,"date":"2018-11-30T07:26:19","date_gmt":"2018-11-30T07:26:19","guid":{"rendered":"https:\/\/www.rotulosruano.com\/?page_id=3"},"modified":"2018-12-03T17:48:41","modified_gmt":"2018-12-03T17:48:41","slug":"privacy-policy","status":"publish","type":"page","link":"https:\/\/www.rotulosruano.com\/?page_id=3","title":{"rendered":"LOPD"},"content":{"rendered":"<p><strong>Aceptaci\u00f3n de estas Condiciones<\/strong><br \/>\nEl hecho de que acceda a este sitio web implica que conoce, entiende y acepta las Condiciones de Uso en la versi\u00f3n existente en el momento del acceso. Dado que, en funci\u00f3n de las normativas legales vigentes en cada momento, las Condiciones pueden sufrir modificaciones, le recomendamos que las consulte cada vez que acceda a este sitio web, as\u00ed como nuestra Pol\u00edtica de Privacidad.<\/p>\n<p><strong>Exclusi\u00f3n de responsabilidades<br \/>\n<\/strong>A trav\u00e9s de este sitio web, proporcionamos informaci\u00f3n sobre los servicios y\/o productos que ofrecemos o comercializamos.<br \/>\nEsa informaci\u00f3n se ofrece tal y como puede verla el usuario, no aceptando responsabilidad alguna por posibles perjuicios causados por:<\/p>\n<p>\u00b7 La inexistencia de la informaci\u00f3n o los servicios y\/o productos ofrecidos, su inexactitud, su falta de actualizaci\u00f3n o la existencia de fallos en el acceso a parte o a la totalidad de los contenidos de este sitio web o de otros a los que se pueda acceder desde \u00e9ste.<\/p>\n<p>\u00b7 La p\u00e9rdida de informaci\u00f3n o da\u00f1os en equipos causados por la utilizaci\u00f3n de este sitio web o de otros a los que se pueda acceder desde \u00e9ste.<\/p>\n<p><strong>Utilizaci\u00f3n del sitio web<\/strong><br \/>\nUsted es consciente de que el uso de este sitio web tiene lugar bajo su \u00fanica y exclusiva responsabilidad, y as\u00ed lo acepta voluntaria y expresamente al acceder a \u00e9l. Consiente, asimismo, en no utilizar ninguno de los contenidos incluidos en el sitio web para fines que sean il\u00edcitos o vayan en contra del orden p\u00fablico, la moral y las buenas costumbres com\u00fanmente aceptadas. En particular, y sin que ello suponga una limitaci\u00f3n a lo aqu\u00ed enunciado, usted se compromete tambi\u00e9n no obtener, reproducir o distribuir los contenidos mostrados en este sitio web si no es para uso personal y en ning\u00fan caso lucrativo. Derechos de propiedad intelectual Todas las marcas, nombres comerciales o signos distintivos de cualquier clase que aparecen en el sitio web son propiedad de ROTULOS RUANO, S.L. o de terceros, sin que pueda entenderse que el acceso al sitio web le otorga a usted derecho alguno sobre los dise\u00f1os, im\u00e1genes, marcas citadas, nombres comerciales y\/o signos distintivos. Asimismo, los contenidos son propiedad intelectual de nuestra empresa o de terceros, sin que puedan entenderse cedidos a usted ninguno de los derechos de explotaci\u00f3n que existen o puedan existir sobre ellos. Legislaci\u00f3n aplicable Estas Condiciones de Uso se rigen por la legislaci\u00f3n espa\u00f1ola. ROTULOS RUANO, S.L. y el usuario se someten a los Juzgados y Tribunales para cualquier controversia que pudiera derivarse de la prestaci\u00f3n de los servicios objeto de estas Condiciones de Uso.<\/p>\n<h3><\/h3>\n","protected":false},"excerpt":{"rendered":"<p>Aceptaci\u00f3n de estas Condiciones El hecho de que acceda a este sitio web implica que conoce, entiende y acepta las Condiciones de Uso en la versi\u00f3n existente en el momento del acceso. Dado que, en funci\u00f3n de las normativas legales vigentes en cada momento, las Condiciones pueden sufrir modificaciones, le recomendamos que las consulte cada [&hellip;]<\/p>\n","protected":false},"author":1,"featured_media":0,"parent":0,"menu_order":0,"comment_status":"closed","ping_status":"open","template":"","meta":{"footnotes":""},"_links":{"self":[{"href":"https:\/\/www.rotulosruano.com\/index.php?rest_route=\/wp\/v2\/pages\/3"}],"collection":[{"href":"https:\/\/www.rotulosruano.com\/index.php?rest_route=\/wp\/v2\/pages"}],"about":[{"href":"https:\/\/www.rotulosruano.com\/index.php?rest_route=\/wp\/v2\/types\/page"}],"author":[{"embeddable":true,"href":"https:\/\/www.rotulosruano.com\/index.php?rest_route=\/wp\/v2\/users\/1"}],"replies":[{"embeddable":true,"href":"https:\/\/www.rotulosruano.com\/index.php?rest_route=%2Fwp%2Fv2%2Fcomments&post=3"}],"version-history":[{"count":2,"href":"https:\/\/www.rotulosruano.com\/index.php?rest_route=\/wp\/v2\/pages\/3\/revisions"}],"predecessor-version":[{"id":115,"href":"https:\/\/www.rotulosruano.com\/index.php?rest_route=\/wp\/v2\/pages\/3\/revisions\/115"}],"wp:attachment":[{"href":"https:\/\/www.rotulosruano.com\/index.php?rest_route=%2Fwp%2Fv2%2Fmedia&parent=3"}],"curies":[{"name":"wp","href":"https:\/\/api.w.org\/{rel}","templated":true}]}}